{"id":2473,"date":"2013-08-11T05:51:19","date_gmt":"2013-08-11T05:51:19","guid":{"rendered":"http:\/\/www.ithaa.fr\/?page_id=2473"},"modified":"2014-09-23T11:33:31","modified_gmt":"2014-09-23T09:33:31","slug":"mentions-legales","status":"publish","type":"page","link":"http:\/\/www.ithaa.fr\/en\/mentions-legales\/","title":{"rendered":"Mentions l\u00e9gales"},"content":{"rendered":"<p><\/p>\n<h2 style=\"text-align: justify;\">H\u00e9bergement<\/h2>\n<p style=\"text-align: justify;\">Ce site est h\u00e9berg\u00e9 sur la plateforme d\u2019h\u00e9bergement DEDIBOX. Cet h\u00e9bergeur poss\u00e8de \u00e0 ce jour les \u00e9l\u00e9ments d\u2019identification personnelle concernant l\u2019\u00e9ditrice de ce site. (loi n\u00b0 2004-575 du 21 juin 2004 pour la confiance dans l\u2019\u00e9conomie num\u00e9rique)<\/p>\n<p style=\"text-align: justify;\">Si vous souhaitez contacter l\u2019\u00e9ditrice de ce site, vous pouvez envoyer un mail \u00e0 l&#8217;adresse: <a href=\"contact@ithaa.fr\">contact@ithaa.fr<\/a>.<\/p>\n<p style=\"text-align: justify;\">\n<h2 style=\"text-align: justify;\">Droit de la propri\u00e9t\u00e9 intellectuelle<\/h2>\n<p style=\"text-align: justify;\">Sauf mention contraire, l\u2019ensemble de ce site rel\u00e8ve des l\u00e9gislations fran\u00e7aise et internationale sur le droit d\u2019auteur et la propri\u00e9t\u00e9 intellectuelle, notamment par les dispositions des articles L111-1 et L122-4 du Code de la Propri\u00e9t\u00e9 Intellectuelle. Toute reproduction de son contenu est interdite sans autorisation pr\u00e9alable, expresse et \u00e9crite.<\/p>\n<p style=\"text-align: justify;\">Tout autre mat\u00e9riel contenu sur ce site ne lui appartenant pas (photos, textes, images, codes source, logos, noms de produits ou marques cit\u00e9es, etc.) est la propri\u00e9t\u00e9 de leurs d\u00e9tenteurs respectifs.<\/p>\n<p style=\"text-align: justify;\">\n<h2 style=\"text-align: justify;\">Protection des donn\u00e9es personnelles<\/h2>\n<p style=\"text-align: justify;\">Lorsque vous envoyez un message via le formulaire de contact, vous devez fournir votre nom et votre adresse e-mail. Votre adresse de courrier \u00e9lectronique ne sera jamais affich\u00e9e sur le site ou utilis\u00e9e pour quelque raison que ce soit sans votre accord.<\/p>\n<p style=\"text-align: justify;\">Conform\u00e9ment \u00e0 l\u2019article 39 de la loi du 6 janvier 1978 relative \u00e0 l\u2019informatique, aux fichiers et aux libert\u00e9s, vous avez un droit d\u2019acc\u00e8s, de modification et d\u2019opposition sur vos donn\u00e9es personnelles. Pour contacter l&#8217;\u00e9ditrice de ce site, vous pouvez envoyer un mail \u00e0 l&#8217;adresse:\u00a0<a href=\"contact@ithaa.fr\">contact@ithaa.fr<\/a>.<\/p>\n<p style=\"text-align: justify;\">Un cookie peut \u00eatre enregistr\u00e9 dans votre ordinateur pour permettre \u00e0 votre navigateur web de conserver les informations que vous entrez dans le formulaire de commentaire, afin que vous n\u2019ayez pas \u00e0 les ressaisir \u00e0 chaque fois que vous d\u00e9posez un commentaire sur le site. Il est rappel\u00e9 au visiteur qu\u2019il peut s\u2019opposer \u00e0 l\u2019implantation de \u00ab cookie \u00bb en configurant son navigateur dans ce sens.<\/p>\n<p style=\"text-align: justify;\">\n<h2 style=\"text-align: justify;\">Liens<\/h2>\n<p style=\"text-align: justify;\">Les sites reli\u00e9s directement ou indirectement \u00e0 ce site ne sont pas sous son contr\u00f4le. En cons\u00e9quence, l\u2019auteur n\u2019assume aucune responsabilit\u00e9 quant aux informations publi\u00e9es sur ces sites. Les liens avec des sites ext\u00e9rieurs ne sont fournis qu\u2019\u00e0 titre de commodit\u00e9 et n\u2019impliquent aucune caution quant \u00e0 leur contenu.<\/p>\n<p style=\"text-align: justify;\">\n<h2 style=\"text-align: justify;\">Syst\u00e8me de gestion de contenu<\/h2>\n<p style=\"text-align: justify;\">Ce site est cr\u00e9\u00e9 sous WordPress,syst\u00e8me de gestion de contenu (CMS) gratuit et libre, et est mis \u00e0 jour \u00e0 chaque nouvelle version.<\/p>\n<p style=\"text-align: justify;\">\n<h1>D\u00e9veloppement<\/h1>\n<p>Site r\u00e9alis\u00e9 par Sewip : Agence web Bretagne<\/p>\n<p><\/p>","protected":false},"excerpt":{"rendered":"<p>H\u00e9bergement Ce site est h\u00e9berg\u00e9 sur la plateforme d\u2019h\u00e9bergement DEDIBOX. Cet h\u00e9bergeur poss\u00e8de \u00e0 ce jour les \u00e9l\u00e9ments d\u2019identification personnelle concernant l\u2019\u00e9ditrice de ce site. (loi n\u00b0 2004-575 du 21 juin 2004 pour la confiance dans l\u2019\u00e9conomie num\u00e9rique) Si vous souhaitez contacter l\u2019\u00e9ditrice de ce site, vous pouvez envoyer un mail \u00e0 l&#8217;adresse: contact@ithaa.fr. Droit de la propri\u00e9t\u00e9 intellectuelle Sauf mention contraire, l\u2019ensemble de ce site rel\u00e8ve des l\u00e9gislations fran\u00e7aise et internationale sur le droit d\u2019auteur et la propri\u00e9t\u00e9 intellectuelle,(&#8230;)<\/p>\n<h1><a class=\"read-more\" href=\"http:\/\/www.ithaa.fr\/en\/mentions-legales\/\">La suite<\/a><\/h1>\n","protected":false},"author":5,"featured_media":2480,"parent":0,"menu_order":0,"comment_status":"open","ping_status":"open","template":"","meta":{"om_disable_all_campaigns":false},"aioseo_notices":[],"_links":{"self":[{"href":"http:\/\/www.ithaa.fr\/en\/wp-json\/wp\/v2\/pages\/2473"}],"collection":[{"href":"http:\/\/www.ithaa.fr\/en\/wp-json\/wp\/v2\/pages"}],"about":[{"href":"http:\/\/www.ithaa.fr\/en\/wp-json\/wp\/v2\/types\/page"}],"author":[{"embeddable":true,"href":"http:\/\/www.ithaa.fr\/en\/wp-json\/wp\/v2\/users\/5"}],"replies":[{"embeddable":true,"href":"http:\/\/www.ithaa.fr\/en\/wp-json\/wp\/v2\/comments?post=2473"}],"version-history":[{"count":13,"href":"http:\/\/www.ithaa.fr\/en\/wp-json\/wp\/v2\/pages\/2473\/revisions"}],"predecessor-version":[{"id":9876,"href":"http:\/\/www.ithaa.fr\/en\/wp-json\/wp\/v2\/pages\/2473\/revisions\/9876"}],"wp:featuredmedia":[{"embeddable":true,"href":"http:\/\/www.ithaa.fr\/en\/wp-json\/wp\/v2\/media\/2480"}],"wp:attachment":[{"href":"http:\/\/www.ithaa.fr\/en\/wp-json\/wp\/v2\/media?parent=2473"}],"curies":[{"name":"wp","href":"https:\/\/api.w.org\/{rel}","templated":true}]}}